{"id":58,"date":"2024-07-07T19:09:46","date_gmt":"2024-07-07T19:09:46","guid":{"rendered":"https:\/\/lundacademics.dk\/?page_id=58"},"modified":"2025-04-26T17:28:34","modified_gmt":"2025-04-26T17:28:34","slug":"jobsoegning","status":"publish","type":"page","link":"https:\/\/lundacademics.dk\/?page_id=58","title":{"rendered":"Jobans\u00f8gning"},"content":{"rendered":"\n<div class=\"wp-block-group alignfull has-accent-background-color has-background has-global-padding is-layout-constrained wp-container-core-group-is-layout-669513ed wp-block-group-is-layout-constrained\" style=\"margin-top:0;margin-bottom:0;padding-top:var(--wp--preset--spacing--50);padding-right:var(--wp--preset--spacing--50);padding-bottom:var(--wp--preset--spacing--50);padding-left:var(--wp--preset--spacing--50)\">\n<div style=\"height:100px\" aria-hidden=\"true\" class=\"wp-block-spacer\"><\/div>\n\n\n\n<h2 class=\"wp-block-heading has-text-align-left has-xxx-large-font-size\">Jobans\u00f8gning<\/h2>\n\n\n\n<p>Input og guidning til din jobans\u00f8gning. Hj\u00e6lp til at fremh\u00e6ve din profil, matche jobopslaget og pirre til ans\u00e6ttelsesudvalgets nysgerrighed.<\/p>\n\n\n\n<div style=\"height:50px\" aria-hidden=\"true\" class=\"wp-block-spacer\"><\/div>\n\n\n\n<div class=\"wp-block-group is-nowrap is-layout-flex wp-container-core-group-is-layout-cd9ab148 wp-block-group-is-layout-flex\">\n<div class=\"wp-block-columns alignwide is-layout-flex wp-container-core-columns-is-layout-1da03c2a wp-block-columns-is-layout-flex\">\n<div class=\"wp-block-column is-layout-flow wp-block-column-is-layout-flow\">\n<p><strong>Fremgangsm\u00e5de 1:<\/strong><\/p>\n\n\n\n<p>Mail udkast til ans\u00f8gning + CV, (og jobopslaget). Jeg retter, supplerer og layouter &#8211; stadig i din stil, men med et touch der g\u00f8r den bedre. Pris 1200 kr.<\/p>\n<\/div>\n<\/div>\n\n\n\n<figure class=\"wp-block-image size-large is-resized is-style-rounded\"><img loading=\"lazy\" decoding=\"async\" width=\"1024\" height=\"683\" src=\"https:\/\/lundacademics.dk\/wp-content\/uploads\/2024\/11\/Kristian-snakker-1-1024x683.jpg\" alt=\"\" class=\"wp-image-79\" style=\"aspect-ratio:0.75;object-fit:cover;width:300px\" srcset=\"https:\/\/lundacademics.dk\/wp-content\/uploads\/2024\/11\/Kristian-snakker-1-1024x683.jpg 1024w, https:\/\/lundacademics.dk\/wp-content\/uploads\/2024\/11\/Kristian-snakker-1-300x200.jpg 300w, https:\/\/lundacademics.dk\/wp-content\/uploads\/2024\/11\/Kristian-snakker-1-768x512.jpg 768w, https:\/\/lundacademics.dk\/wp-content\/uploads\/2024\/11\/Kristian-snakker-1-1536x1024.jpg 1536w, https:\/\/lundacademics.dk\/wp-content\/uploads\/2024\/11\/Kristian-snakker-1-2048x1365.jpg 2048w\" sizes=\"auto, (max-width: 1024px) 100vw, 1024px\" \/><\/figure>\n<\/div>\n\n\n\n<div style=\"height:50px\" aria-hidden=\"true\" class=\"wp-block-spacer\"><\/div>\n\n\n\n<div class=\"wp-block-group is-nowrap is-layout-flex wp-container-core-group-is-layout-6c531013 wp-block-group-is-layout-flex\">\n<figure class=\"wp-block-image size-full is-resized is-style-rounded\"><img loading=\"lazy\" decoding=\"async\" width=\"2560\" height=\"1707\" src=\"https:\/\/lundacademics.dk\/wp-content\/uploads\/2024\/11\/Kristian-snakker-1-scaled.jpg\" alt=\"\" class=\"wp-image-79\" style=\"aspect-ratio:0.75;object-fit:cover;width:300px\" srcset=\"https:\/\/lundacademics.dk\/wp-content\/uploads\/2024\/11\/Kristian-snakker-1-scaled.jpg 2560w, https:\/\/lundacademics.dk\/wp-content\/uploads\/2024\/11\/Kristian-snakker-1-300x200.jpg 300w, https:\/\/lundacademics.dk\/wp-content\/uploads\/2024\/11\/Kristian-snakker-1-1024x683.jpg 1024w, https:\/\/lundacademics.dk\/wp-content\/uploads\/2024\/11\/Kristian-snakker-1-768x512.jpg 768w, https:\/\/lundacademics.dk\/wp-content\/uploads\/2024\/11\/Kristian-snakker-1-1536x1024.jpg 1536w, https:\/\/lundacademics.dk\/wp-content\/uploads\/2024\/11\/Kristian-snakker-1-2048x1365.jpg 2048w\" sizes=\"auto, (max-width: 2560px) 100vw, 2560px\" \/><\/figure>\n\n\n\n<div class=\"wp-block-columns is-layout-flex wp-container-core-columns-is-layout-28f84493 wp-block-columns-is-layout-flex\">\n<div class=\"wp-block-column is-layout-flow wp-block-column-is-layout-flow\">\n<p><strong>Fremgangsm\u00e5de 2:<\/strong><\/p>\n\n\n\n<p>Som ovenst\u00e5ende, men vi supplerer med en fiktiv jobsamtale. Her m\u00f8der du sp\u00f8rgsm\u00e5lene, en del af dem, s\u00e5 vi sammen kan tilrette b\u00e5de indhold og form p\u00e5 dine svar. Pris 1900 kr.<\/p>\n<\/div>\n<\/div>\n<\/div>\n\n\n\n<div style=\"height:100px\" aria-hidden=\"true\" class=\"wp-block-spacer\"><\/div>\n\n\n\n<div class=\"wp-block-group is-nowrap is-layout-flex wp-container-core-group-is-layout-6c531013 wp-block-group-is-layout-flex\">\n<div class=\"wp-block-group has-global-padding is-layout-constrained wp-block-group-is-layout-constrained\">\n<p><strong>F\u00e5 vejledning nu!<\/strong><\/p>\n\n\n\n<p>Hvad holder dig tilbage? Kontakt din nye vejleder nu!<\/p>\n\n\n\n<p>NB: Kun til ans\u00f8gninger indenfor det p\u00e6dagogiske felt, eks. skoler, DUS, daginstitutioner.<\/p>\n<\/div>\n\n\n\n<div class=\"wp-block-group has-global-padding is-layout-constrained wp-block-group-is-layout-constrained\">\n<figure class=\"wp-block-image aligncenter size-full is-resized is-style-rounded\"><img loading=\"lazy\" decoding=\"async\" width=\"577\" height=\"779\" src=\"http:\/\/lundacademics.dk\/wp-content\/uploads\/2024\/07\/KL3-1.jpg\" alt=\"\" class=\"wp-image-38\" style=\"width:150px\" srcset=\"https:\/\/lundacademics.dk\/wp-content\/uploads\/2024\/07\/KL3-1.jpg 577w, https:\/\/lundacademics.dk\/wp-content\/uploads\/2024\/07\/KL3-1-222x300.jpg 222w\" sizes=\"auto, (max-width: 577px) 100vw, 577px\" \/><\/figure>\n\n\n\n<p class=\"has-text-align-center\"><strong><a href=\"mailto:lund@mailnorlys.dk\">lund@mailnorlys.dk<\/a><\/strong><\/p>\n<\/div>\n<\/div>\n\n\n\n<div style=\"height:100px\" aria-hidden=\"true\" class=\"wp-block-spacer\"><\/div>\n<\/div>\n","protected":false},"excerpt":{"rendered":"<p>Jobans\u00f8gning Input og guidning til din jobans\u00f8gning. Hj\u00e6lp til at fremh\u00e6ve din profil, matche jobopslaget og pirre til ans\u00e6ttelsesudvalgets nysgerrighed. Fremgangsm\u00e5de 1: Mail udkast til ans\u00f8gning + CV, (og jobopslaget). Jeg retter, supplerer og layouter &#8211; stadig i din stil, men med et touch der g\u00f8r den bedre. Pris 1200 kr. Fremgangsm\u00e5de 2: Som ovenst\u00e5ende, [&hellip;]<\/p>\n","protected":false},"author":1,"featured_media":79,"parent":0,"menu_order":0,"comment_status":"closed","ping_status":"closed","template":"no-title-space","meta":{"footnotes":""},"class_list":["post-58","page","type-page","status-publish","has-post-thumbnail","hentry"],"_links":{"self":[{"href":"https:\/\/lundacademics.dk\/index.php?rest_route=\/wp\/v2\/pages\/58","targetHints":{"allow":["GET"]}}],"collection":[{"href":"https:\/\/lundacademics.dk\/index.php?rest_route=\/wp\/v2\/pages"}],"about":[{"href":"https:\/\/lundacademics.dk\/index.php?rest_route=\/wp\/v2\/types\/page"}],"author":[{"embeddable":true,"href":"https:\/\/lundacademics.dk\/index.php?rest_route=\/wp\/v2\/users\/1"}],"replies":[{"embeddable":true,"href":"https:\/\/lundacademics.dk\/index.php?rest_route=%2Fwp%2Fv2%2Fcomments&post=58"}],"version-history":[{"count":25,"href":"https:\/\/lundacademics.dk\/index.php?rest_route=\/wp\/v2\/pages\/58\/revisions"}],"predecessor-version":[{"id":159,"href":"https:\/\/lundacademics.dk\/index.php?rest_route=\/wp\/v2\/pages\/58\/revisions\/159"}],"wp:featuredmedia":[{"embeddable":true,"href":"https:\/\/lundacademics.dk\/index.php?rest_route=\/wp\/v2\/media\/79"}],"wp:attachment":[{"href":"https:\/\/lundacademics.dk\/index.php?rest_route=%2Fwp%2Fv2%2Fmedia&parent=58"}],"curies":[{"name":"wp","href":"https:\/\/api.w.org\/{rel}","templated":true}]}}