{"id":16,"date":"2024-01-20T13:20:25","date_gmt":"2024-01-20T13:20:25","guid":{"rendered":"https:\/\/lundacademics.dk\/?page_id=16"},"modified":"2025-04-26T19:33:28","modified_gmt":"2025-04-26T19:33:28","slug":"din-skriftlige-opgave","status":"publish","type":"page","link":"https:\/\/lundacademics.dk\/?page_id=16","title":{"rendered":"Din skriftlige opgave"},"content":{"rendered":"\n<div class=\"wp-block-group alignfull has-accent-background-color has-background has-global-padding is-layout-constrained wp-container-core-group-is-layout-669513ed wp-block-group-is-layout-constrained\" style=\"margin-top:0;margin-bottom:0;padding-top:var(--wp--preset--spacing--50);padding-right:var(--wp--preset--spacing--50);padding-bottom:var(--wp--preset--spacing--50);padding-left:var(--wp--preset--spacing--50)\">\n<div style=\"height:100px\" aria-hidden=\"true\" class=\"wp-block-spacer\"><\/div>\n\n\n\n<h2 class=\"wp-block-heading has-xxx-large-font-size\">Din skriftlige opgave<\/h2>\n\n\n\n<div style=\"height:50px\" aria-hidden=\"true\" class=\"wp-block-spacer\"><\/div>\n\n\n\n<div class=\"wp-block-group is-nowrap is-layout-flex wp-container-core-group-is-layout-6c531013 wp-block-group-is-layout-flex\">\n<div class=\"wp-block-columns is-layout-flex wp-container-core-columns-is-layout-28f84493 wp-block-columns-is-layout-flex\">\n<div class=\"wp-block-column is-layout-flow wp-block-column-is-layout-flow\">\n<p><strong>FORSLAG 1:<\/strong><\/p>\n\n\n\n<p>12 siders opgave, inkl. problemformulering og indledning.<\/p>\n\n\n\n<p>Hvad f\u00e5r du:<\/p>\n\n\n\n<p>Du f\u00e5r fuld feedback p\u00e5 form og indhold. Pris 1200 kr.<\/p>\n\n\n\n<ul class=\"wp-block-list\">\n<li>Optimeret opgavestruktur<\/li>\n\n\n\n<li>Sammenh\u00e6ng i opgaven &#8211; og mellem teori og praksis<\/li>\n\n\n\n<li>Henvisninger osv.<\/li>\n\n\n\n<li>Forslag til forbedringer &#8211; p\u00e5 alle niveauer<\/li>\n<\/ul>\n<\/div>\n<\/div>\n\n\n\n<figure class=\"wp-block-image size-large is-resized is-style-rounded\"><img loading=\"lazy\" decoding=\"async\" width=\"1024\" height=\"683\" src=\"http:\/\/lundacademics.dk\/wp-content\/uploads\/2024\/11\/Kristian-snakker-1-1024x683.jpg\" alt=\"\" class=\"wp-image-79\" style=\"aspect-ratio:0.75;object-fit:cover;width:293px;height:auto\" srcset=\"https:\/\/lundacademics.dk\/wp-content\/uploads\/2024\/11\/Kristian-snakker-1-1024x683.jpg 1024w, https:\/\/lundacademics.dk\/wp-content\/uploads\/2024\/11\/Kristian-snakker-1-300x200.jpg 300w, https:\/\/lundacademics.dk\/wp-content\/uploads\/2024\/11\/Kristian-snakker-1-768x512.jpg 768w, https:\/\/lundacademics.dk\/wp-content\/uploads\/2024\/11\/Kristian-snakker-1-1536x1024.jpg 1536w, https:\/\/lundacademics.dk\/wp-content\/uploads\/2024\/11\/Kristian-snakker-1-2048x1365.jpg 2048w\" sizes=\"auto, (max-width: 1024px) 100vw, 1024px\" \/><\/figure>\n<\/div>\n\n\n\n<div style=\"height:100px\" aria-hidden=\"true\" class=\"wp-block-spacer\"><\/div>\n\n\n\n<div class=\"wp-block-group is-nowrap is-layout-flex wp-container-core-group-is-layout-6c531013 wp-block-group-is-layout-flex\">\n<figure class=\"wp-block-image size-full is-resized is-style-rounded\"><img loading=\"lazy\" decoding=\"async\" width=\"329\" height=\"393\" src=\"http:\/\/lundacademics.dk\/wp-content\/uploads\/2024\/07\/KL1.jpg\" alt=\"\" class=\"wp-image-26\" style=\"aspect-ratio:0.75;object-fit:cover;width:293px;height:auto\" srcset=\"https:\/\/lundacademics.dk\/wp-content\/uploads\/2024\/07\/KL1.jpg 329w, https:\/\/lundacademics.dk\/wp-content\/uploads\/2024\/07\/KL1-251x300.jpg 251w\" sizes=\"auto, (max-width: 329px) 100vw, 329px\" \/><\/figure>\n\n\n\n<div class=\"wp-block-columns alignwide is-layout-flex wp-container-core-columns-is-layout-1da03c2a wp-block-columns-is-layout-flex\">\n<div class=\"wp-block-column is-layout-flow wp-block-column-is-layout-flow\">\n<p><strong>FORSLAG 2:&nbsp;<\/strong><\/p>\n\n\n\n<p>12 siders opgave, og coaching\/ planl\u00e6gning af mundtlig pr\u00f8ve.<\/p>\n\n\n\n<p>2400 kr.<\/p>\n\n\n\n<p>Hvad f\u00e5r du:<\/p>\n\n\n\n<ul class=\"wp-block-list\">\n<li>Som i ovenst\u00e5ende p\u00e5 opgaven og<\/li>\n\n\n\n<li>Online\/ m\u00f8de 2 x 45 min, hvor vi justerer og optimerer din plan for mundtlig pr\u00f8ve.<\/li>\n<\/ul>\n<\/div>\n<\/div>\n<\/div>\n\n\n\n<div style=\"height:50px\" aria-hidden=\"true\" class=\"wp-block-spacer\"><\/div>\n\n\n\n<div class=\"wp-block-group is-content-justification-center is-nowrap is-layout-flex wp-container-core-group-is-layout-23441af8 wp-block-group-is-layout-flex\">\n<div class=\"wp-block-group has-global-padding is-layout-constrained wp-block-group-is-layout-constrained\">\n<h3 class=\"wp-block-heading\">Det er ikke snyd<\/h3>\n\n\n\n<p>Snyd kan det aldrig v\u00e6re, for det er dig der skriver opgaven. Men du forbedrer din faglighed, b\u00e5de p\u00e5 form og indhold. Det er kvalitativ feedback og st\u00e6rk l\u00e6ring.<\/p>\n\n\n\n<p class=\"wp-container-content-0733e5d0\">Send din opgave og en beskrivelse af dit vejledningsbehov.<\/p>\n<\/div>\n\n\n\n<div class=\"wp-block-group has-global-padding is-layout-constrained wp-block-group-is-layout-constrained\">\n<figure class=\"wp-block-image aligncenter size-full is-resized is-style-rounded\"><a href=\"lund@mailnorlys.dk\"><img loading=\"lazy\" decoding=\"async\" width=\"577\" height=\"779\" src=\"http:\/\/lundacademics.dk\/wp-content\/uploads\/2024\/07\/KL3-1.jpg\" alt=\"\" class=\"wp-image-38\" style=\"width:138px;height:auto\" srcset=\"https:\/\/lundacademics.dk\/wp-content\/uploads\/2024\/07\/KL3-1.jpg 577w, https:\/\/lundacademics.dk\/wp-content\/uploads\/2024\/07\/KL3-1-222x300.jpg 222w\" sizes=\"auto, (max-width: 577px) 100vw, 577px\" \/><\/a><\/figure>\n\n\n\n<p><strong><a href=\"mailto:k-lund@stofanet.dk\">k-lund@stofanet.dk<\/a><\/strong><\/p>\n<\/div>\n<\/div>\n\n\n\n<div style=\"height:100px\" aria-hidden=\"true\" class=\"wp-block-spacer\"><\/div>\n<\/div>\n","protected":false},"excerpt":{"rendered":"<p>Din skriftlige opgave FORSLAG 1: 12 siders opgave, inkl. problemformulering og indledning. Hvad f\u00e5r du: Du f\u00e5r fuld feedback p\u00e5 form og indhold. Pris 1200 kr. FORSLAG 2:&nbsp; 12 siders opgave, og coaching\/ planl\u00e6gning af mundtlig pr\u00f8ve. 2400 kr. Hvad f\u00e5r du: Det er ikke snyd Snyd kan det aldrig v\u00e6re, for det er dig [&hellip;]<\/p>\n","protected":false},"author":1,"featured_media":0,"parent":0,"menu_order":0,"comment_status":"closed","ping_status":"closed","template":"no-title-space","meta":{"footnotes":""},"class_list":["post-16","page","type-page","status-publish","hentry"],"_links":{"self":[{"href":"https:\/\/lundacademics.dk\/index.php?rest_route=\/wp\/v2\/pages\/16","targetHints":{"allow":["GET"]}}],"collection":[{"href":"https:\/\/lundacademics.dk\/index.php?rest_route=\/wp\/v2\/pages"}],"about":[{"href":"https:\/\/lundacademics.dk\/index.php?rest_route=\/wp\/v2\/types\/page"}],"author":[{"embeddable":true,"href":"https:\/\/lundacademics.dk\/index.php?rest_route=\/wp\/v2\/users\/1"}],"replies":[{"embeddable":true,"href":"https:\/\/lundacademics.dk\/index.php?rest_route=%2Fwp%2Fv2%2Fcomments&post=16"}],"version-history":[{"count":17,"href":"https:\/\/lundacademics.dk\/index.php?rest_route=\/wp\/v2\/pages\/16\/revisions"}],"predecessor-version":[{"id":176,"href":"https:\/\/lundacademics.dk\/index.php?rest_route=\/wp\/v2\/pages\/16\/revisions\/176"}],"wp:attachment":[{"href":"https:\/\/lundacademics.dk\/index.php?rest_route=%2Fwp%2Fv2%2Fmedia&parent=16"}],"curies":[{"name":"wp","href":"https:\/\/api.w.org\/{rel}","templated":true}]}}